{"id":1246,"date":"2025-04-05T16:26:15","date_gmt":"2025-04-05T21:26:15","guid":{"rendered":"https:\/\/companies-group.com\/f-a-q\/"},"modified":"2025-07-02T18:34:19","modified_gmt":"2025-07-02T23:34:19","slug":"f-a-q","status":"publish","type":"page","link":"https:\/\/companies-group.com\/fr\/f-a-q\/","title":{"rendered":"F.A.Q."},"content":{"rendered":"\t\t<div data-elementor-type=\"wp-page\" data-elementor-id=\"1246\" class=\"elementor elementor-1246 elementor-725\" data-elementor-post-type=\"page\">\n\t\t\t\t<div class=\"elementor-element elementor-element-360010a e-flex e-con-boxed e-con e-parent\" data-id=\"360010a\" data-element_type=\"container\" data-e-type=\"container\" data-settings=\"{&quot;background_background&quot;:&quot;slideshow&quot;,&quot;background_slideshow_gallery&quot;:[{&quot;id&quot;:1398,&quot;url&quot;:&quot;https:\\\/\\\/companies-group.com\\\/wp-content\\\/uploads\\\/2025\\\/07\\\/faq-1920.jpg&quot;}],&quot;background_slideshow_loop&quot;:&quot;yes&quot;,&quot;background_slideshow_slide_duration&quot;:5000,&quot;background_slideshow_slide_transition&quot;:&quot;fade&quot;,&quot;background_slideshow_transition_duration&quot;:500}\">\n\t\t\t\t\t<div class=\"e-con-inner\">\n\t\t<div class=\"elementor-element elementor-element-f5fd478 e-con-full e-flex e-con e-child\" data-id=\"f5fd478\" data-element_type=\"container\" data-e-type=\"container\">\n\t\t<div class=\"elementor-element elementor-element-45e182a e-con-full e-flex e-con e-child\" data-id=\"45e182a\" data-element_type=\"container\" data-e-type=\"container\">\n\t\t\t\t<div class=\"elementor-element elementor-element-2d09dee elementor-widget elementor-widget-heading\" data-id=\"2d09dee\" data-element_type=\"widget\" data-e-type=\"widget\" data-widget_type=\"heading.default\">\n\t\t\t\t<div class=\"elementor-widget-container\">\n\t\t\t\t\t<h2 class=\"elementor-heading-title elementor-size-default\">F.A.Q. - Ce que vous devez savoir!<\/h2>\t\t\t\t<\/div>\n\t\t\t\t<\/div>\n\t\t\t\t<div class=\"elementor-element elementor-element-1e81275 elementor-widget-divider--view-line elementor-widget elementor-widget-divider\" data-id=\"1e81275\" data-element_type=\"widget\" data-e-type=\"widget\" data-widget_type=\"divider.default\">\n\t\t\t\t<div class=\"elementor-widget-container\">\n\t\t\t\t\t\t\t<div class=\"elementor-divider\">\n\t\t\t<span class=\"elementor-divider-separator\">\n\t\t\t\t\t\t<\/span>\n\t\t<\/div>\n\t\t\t\t\t\t<\/div>\n\t\t\t\t<\/div>\n\t\t\t\t<div class=\"elementor-element elementor-element-6d0d72f elementor-widget elementor-widget-ucaddon_uc_icon_accordion\" data-id=\"6d0d72f\" data-element_type=\"widget\" data-e-type=\"widget\" data-widget_type=\"ucaddon_uc_icon_accordion.default\">\n\t\t\t\t<div class=\"elementor-widget-container\">\n\t\t\t\t\t\n<!-- start Icon Accordion -->\n\t\t<link id='font-awesome-css' href='https:\/\/companies-group.com\/wp-content\/plugins\/unlimited-elements-for-elementor-premium\/assets_libraries\/font-awesome6\/fontawesome-all.min.css' type='text\/css' rel='stylesheet' >\n\t\t<link id='font-awesome-4-shim-css' href='https:\/\/companies-group.com\/wp-content\/plugins\/unlimited-elements-for-elementor-premium\/assets_libraries\/font-awesome6\/fontawesome-v4-shims.min.css' type='text\/css' rel='stylesheet' >\n\n<style>\/* widget: Icon Accordion *\/\n\n#uc_uc_icon_accordion_elementor_6d0d72f *{\n\tbox-sizing: border-box;\n}\n#uc_uc_icon_accordion_elementor_6d0d72f .uc_container .uc-heading\n{\n\tcursor:pointer;\n    display:flex;\n    align-items:center;\n    transition:0.3s;\n}\n#uc_uc_icon_accordion_elementor_6d0d72f .uc_container .uc-heading span.bbb\n{\n\tdisplay:block;\n\t\n}\n#uc_uc_icon_accordion_elementor_6d0d72f .uc_ac_box.uc-item-active span.uc_dactive\n{\n\tdisplay:none;\n}\n#uc_uc_icon_accordion_elementor_6d0d72f .uc_ac_box:not(.uc-item-active) span.uc_active\n{\n\tdisplay:none;\n}\n\n#uc_uc_icon_accordion_elementor_6d0d72f .ue_icon_holder,\n#uc_uc_icon_accordion_elementor_6d0d72f .ue_icon_spacing\n{\n  flex-grow:0;\n  flex-shrink:0; \n}\n#uc_uc_icon_accordion_elementor_6d0d72f .uc_content{\n\tdisplay: none;\n}\n#uc_uc_icon_accordion_elementor_6d0d72f .ue_icon\n{\n  display:flex;\n  justify-content:center;\n  align-items:center;\n  line-height:1em;\n  transition:0.3s;\n}\n\n#uc_uc_icon_accordion_elementor_6d0d72f .ue_icon svg\n{\n  height:1em;\n  width:1em;\n}\n\n#uc_uc_icon_accordion_elementor_6d0d72f .ue_expand_inside\n{\n  display:flex;\n  justify-content:center;\n  align-items:center;\n  line-height:1em;\n}\n\n#uc_uc_icon_accordion_elementor_6d0d72f .ue_expand_inside svg\n{\n  height:1em;\n  width:1em;\n}\n\n#uc_uc_icon_accordion_elementor_6d0d72f .ue_expand,\n#uc_uc_icon_accordion_elementor_6d0d72f .ue_expand_spacing\n{\n  flex-grow:0;\n  flex-shrink:0;\n}\n\n#uc_uc_icon_accordion_elementor_6d0d72f .ue_title\n{\n  flex-grow:1;\n}\n\n#uc_uc_icon_accordion_elementor_6d0d72f .uc_ac_box:last-child\n{\n  margin-bottom:0px;\n}\n\n#uc_uc_icon_accordion_elementor_6d0d72f .uc_ac_box\n{\n  overflow:hidden;\n}\n#uc_uc_icon_accordion_elementor_6d0d72f_item1 .ue_icon\n{\n  background-color:;\n}\n\n#uc_uc_icon_accordion_elementor_6d0d72f_item1 .uc-heading\n{\n  background-color:;\n}\n#uc_uc_icon_accordion_elementor_6d0d72f_item2 .ue_icon\n{\n  background-color:;\n}\n\n#uc_uc_icon_accordion_elementor_6d0d72f_item2 .uc-heading\n{\n  background-color:;\n}\n#uc_uc_icon_accordion_elementor_6d0d72f_item3 .ue_icon\n{\n  background-color:;\n}\n\n#uc_uc_icon_accordion_elementor_6d0d72f_item3 .uc-heading\n{\n  background-color:;\n}\n#uc_uc_icon_accordion_elementor_6d0d72f_item4 .ue_icon\n{\n  background-color:;\n}\n\n#uc_uc_icon_accordion_elementor_6d0d72f_item4 .uc-heading\n{\n  background-color:;\n}\n#uc_uc_icon_accordion_elementor_6d0d72f_item5 .ue_icon\n{\n  background-color:;\n}\n\n#uc_uc_icon_accordion_elementor_6d0d72f_item5 .uc-heading\n{\n  background-color:;\n}\n\n\n<\/style>\n\n<div class=\"uc_material_accordion \" id=\"uc_uc_icon_accordion_elementor_6d0d72f\" data-name=\"\" data-closeothers=\"true\" >\n    \t<div class=\"uc_container\">\n            \n\t\t\n<div id=\"uc_uc_icon_accordion_elementor_6d0d72f_item1\" class=\"uc_ac_box uc-item-active elementor-repeater-item-bd05957\">\n  <div class=\"uc-heading uc_trigger\">\n    \n        <div class=\"ue_icon_holder\">\n      <div class=\"ue_icon\"><i class='fas fa-question'><\/i><\/div>\n    <\/div>\n    <div class=\"ue_icon_spacing\"><\/div>\n        \n    <div class=\"ue_title\">Nouveau dans l'exp\u00e9rience?<\/div>\n    \n    \n        <div class=\"ue_expand_spacing\"><\/div>\n    <div class=\"ue_expand\">\n      <div class=\"ue_expand_inside\">\n      <span class=\"uc_dactive bbb ue_accordion_icon\" ><i class='fas fa-plus'><\/i><\/span>\n      <span class=\"uc_active bbb ue_accordion_icon\"><i class='fas fa-minus'><\/i><\/span>\n      <\/div>\n    <\/div>\n        \n  <\/div>\n  <!-- end of heading -->\n  \n  \n  <div class=\"uc_content\" style='display:block'>\n          <p data-start=\"303\" data-end=\"591\">Vous n'\u00eates pas seul - de nombreux clients viennent du monde entier pour explorer leurs d\u00e9sirs cach\u00e9s pour la toute premi\u00e8re fois. Notre programme soigneusement \u00e9labor\u00e9 est con\u00e7u pour vous aider \u00e0 vous familiariser avec l'exp\u00e9rience, \u00e0 nouer des liens significatifs pendant la journ\u00e9e et \u00e0 embrasser votre c\u00f4t\u00e9 sauvage \u00e0 la tomb\u00e9e de la nuit. <\/p>\n<p data-start=\"593\" data-end=\"799\">Que vous soyez un nouvel arrivant ou un habitu\u00e9, nous accordons une grande importance \u00e0 la communication personnalis\u00e9e. Notre \u00e9quipe reste en contact avec vous par e-mail et via les m\u00e9dias sociaux, afin que vous vous sentiez accueilli et \u00e9cout\u00e9 \u00e0 chaque \u00e9tape du processus. <\/p>\n\n     \n    \n     \n    \n  <\/div>\n<\/div>\n\n\n<div id=\"uc_uc_icon_accordion_elementor_6d0d72f_item2\" class=\"uc_ac_box  elementor-repeater-item-e16e580\">\n  <div class=\"uc-heading uc_trigger\">\n    \n        <div class=\"ue_icon_holder\">\n      <div class=\"ue_icon\"><i class='fas fa-eye'><\/i><\/div>\n    <\/div>\n    <div class=\"ue_icon_spacing\"><\/div>\n        \n    <div class=\"ue_title\">Qu'est-ce qui m'attend \u00e0 l'\u00e9v\u00e9nement?<\/div>\n    \n    \n        <div class=\"ue_expand_spacing\"><\/div>\n    <div class=\"ue_expand\">\n      <div class=\"ue_expand_inside\">\n      <span class=\"uc_dactive bbb ue_accordion_icon\" ><i class='fas fa-plus'><\/i><\/span>\n      <span class=\"uc_active bbb ue_accordion_icon\"><i class='fas fa-minus'><\/i><\/span>\n      <\/div>\n    <\/div>\n        \n  <\/div>\n  <!-- end of heading -->\n  \n  \n  <div class=\"uc_content\" >\n          <p data-start=\"840\" data-end=\"1064\">Passion Kink Club est un espace accueillant pour tout le monde - des premiers curieux aux v\u00e9t\u00e9rans chevronn\u00e9s. Quel que soit votre niveau de participation, votre premi\u00e8re exp\u00e9rience avec nous sera diff\u00e9rente de tout ce que vous avez connu. <\/p>\n<p data-start=\"1066\" data-end=\"1255\">Montr\u00e9al est fi\u00e8re d'\u00eatre l'une des villes les plus kink-positives et f\u00e9tichistes au monde!<br data-start=\"1160\" data-end=\"1163\">Si vous avez des questions sp\u00e9cifiques, n'h\u00e9sitez pas \u00e0 nous contacter. Nous nous ferons un plaisir de vous guider. <\/p>\n\n     \n    \n     \n    \n  <\/div>\n<\/div>\n\n\n<div id=\"uc_uc_icon_accordion_elementor_6d0d72f_item3\" class=\"uc_ac_box  elementor-repeater-item-44a0c2f\">\n  <div class=\"uc-heading uc_trigger\">\n    \n        <div class=\"ue_icon_holder\">\n      <div class=\"ue_icon\"><i class='fas fa-tshirt'><\/i><\/div>\n    <\/div>\n    <div class=\"ue_icon_spacing\"><\/div>\n        \n    <div class=\"ue_title\">Que dois-je porter?<\/div>\n    \n    \n        <div class=\"ue_expand_spacing\"><\/div>\n    <div class=\"ue_expand\">\n      <div class=\"ue_expand_inside\">\n      <span class=\"uc_dactive bbb ue_accordion_icon\" ><i class='fas fa-plus'><\/i><\/span>\n      <span class=\"uc_active bbb ue_accordion_icon\"><i class='fas fa-minus'><\/i><\/span>\n      <\/div>\n    <\/div>\n        \n  <\/div>\n  <!-- end of heading -->\n  \n  \n  <div class=\"uc_content\" >\n          <p data-start=\"1297\" data-end=\"1495\">Absolument - <strong data-start=\"1310\" data-end=\"1364\">la mode f\u00e9tichiste est fortement encourag\u00e9e et c\u00e9l\u00e9br\u00e9e<\/strong>, en particulier lors de nos soir\u00e9es du week-end. Ce qui compte le plus, c'est d'exprimer son identit\u00e9 et de se sentir autonome dans son look pr\u00e9f\u00e9r\u00e9. <\/p>\n<p data-start=\"1497\" data-end=\"1756\">Du minimal \u00e0 l'extravagant :<br data-start=\"1525\" data-end=\"1528\"><strong data-start=\"1528\" data-end=\"1756\">Cuir, latex, PVC, vinyle, travestissement, cyberpunk, cosplay, steampunk, gothique, victorien, glam, lolita, wet-look, uniformes, infirmi\u00e8res, militaires, corsets, cotte de mailles, harnais, jocks, \u00e9quipements, smokings, masques \u00e0 gaz, caoutchouc lourd...<\/strong><\/p>\n<p data-start=\"1758\" data-end=\"1827\">Laissez votre alter-ego prendre le devant de la sc\u00e8ne - soyez audacieux, soyez cr\u00e9atif, soyez sexy.<\/p>\n\n     \n    \n     \n    \n  <\/div>\n<\/div>\n\n\n<div id=\"uc_uc_icon_accordion_elementor_6d0d72f_item4\" class=\"uc_ac_box  elementor-repeater-item-a6abce4\">\n  <div class=\"uc-heading uc_trigger\">\n    \n        <div class=\"ue_icon_holder\">\n      <div class=\"ue_icon\"><i class='fas fa-heart'><\/i><\/div>\n    <\/div>\n    <div class=\"ue_icon_spacing\"><\/div>\n        \n    <div class=\"ue_title\">Comprendre le consentement et l'\u00e9tiquette<\/div>\n    \n    \n        <div class=\"ue_expand_spacing\"><\/div>\n    <div class=\"ue_expand\">\n      <div class=\"ue_expand_inside\">\n      <span class=\"uc_dactive bbb ue_accordion_icon\" ><i class='fas fa-plus'><\/i><\/span>\n      <span class=\"uc_active bbb ue_accordion_icon\"><i class='fas fa-minus'><\/i><\/span>\n      <\/div>\n    <\/div>\n        \n  <\/div>\n  <!-- end of heading -->\n  \n  \n  <div class=\"uc_content\" >\n          <p data-start=\"1866\" data-end=\"2037\">Bien que nos \u00e9v\u00e9nements soient ind\u00e9niablement sensuels, il <em data-start=\"1915\" data-end=\"1920\">ne<\/em> s'agit pas d'une f\u00eate \u00e9changiste. L'interaction respectueuse est essentielle. Abordez toujours les autres dans le bon contexte et avec leur plein consentement.  <\/p>\n\n     \n    \n     \n    \n  <\/div>\n<\/div>\n\n\n<div id=\"uc_uc_icon_accordion_elementor_6d0d72f_item5\" class=\"uc_ac_box  elementor-repeater-item-f27c789\">\n  <div class=\"uc-heading uc_trigger\">\n    \n        <div class=\"ue_icon_holder\">\n      <div class=\"ue_icon\"><i class='fas fa-camera'><\/i><\/div>\n    <\/div>\n    <div class=\"ue_icon_spacing\"><\/div>\n        \n    <div class=\"ue_title\">Puis-je prendre des photos ou des vid\u00e9os?<\/div>\n    \n    \n        <div class=\"ue_expand_spacing\"><\/div>\n    <div class=\"ue_expand\">\n      <div class=\"ue_expand_inside\">\n      <span class=\"uc_dactive bbb ue_accordion_icon\" ><i class='fas fa-plus'><\/i><\/span>\n      <span class=\"uc_active bbb ue_accordion_icon\"><i class='fas fa-minus'><\/i><\/span>\n      <\/div>\n    <\/div>\n        \n  <\/div>\n  <!-- end of heading -->\n  \n  \n  <div class=\"uc_content\" >\n          <p data-start=\"2147\" data-end=\"2269\">La photographie n'est autoris\u00e9e que par des <strong data-start=\"2180\" data-end=\"2222\">photographes accr\u00e9dit\u00e9s et approuv\u00e9s au pr\u00e9alable<\/strong>. Nous attachons une grande importance \u00e0 la protection de la vie priv\u00e9e de nos visiteurs.<\/p>\n<p data-start=\"2271\" data-end=\"2395\">Nous fournissons \u00e9galement des badges \u00ab <strong data-start=\"2288\" data-end=\"2300\">PAS DE PHOTO<\/strong> \u00bb \u00e0 tous les participants qui pr\u00e9f\u00e8rent ne pas \u00eatre photographi\u00e9s - et nous appliquons strictement cette politique.<\/p>\n\n     \n    \n     \n    \n  <\/div>\n<\/div>\n\n        <\/div>\n<\/div>\n<!-- end Icon Accordion -->\t\t\t\t<\/div>\n\t\t\t\t<\/div>\n\t\t\t\t<\/div>\n\t\t\t\t<\/div>\n\t\t\t\t\t<\/div>\n\t\t\t\t<\/div>\n\t\t\t\t<\/div>\n\t\t","protected":false},"excerpt":{"rendered":"<p>F.A.Q. &#8211; Ce que vous devez savoir! Nouveau dans l&rsquo;exp\u00e9rience? Vous n&rsquo;\u00eates pas seul &#8211; de nombreux clients viennent du monde entier pour explorer leurs d\u00e9sirs cach\u00e9s pour la toute premi\u00e8re fois. Notre programme soigneusement \u00e9labor\u00e9 est con\u00e7u pour vous aider \u00e0 vous familiariser avec l&rsquo;exp\u00e9rience, \u00e0 nouer des liens significatifs pendant la journ\u00e9e et [&hellip;]<\/p>\n","protected":false},"author":1,"featured_media":0,"parent":0,"menu_order":0,"comment_status":"closed","ping_status":"closed","template":"elementor_header_footer","meta":{"footnotes":""},"class_list":["post-1246","page","type-page","status-publish","hentry"],"_links":{"self":[{"href":"https:\/\/companies-group.com\/fr\/wp-json\/wp\/v2\/pages\/1246","targetHints":{"allow":["GET"]}}],"collection":[{"href":"https:\/\/companies-group.com\/fr\/wp-json\/wp\/v2\/pages"}],"about":[{"href":"https:\/\/companies-group.com\/fr\/wp-json\/wp\/v2\/types\/page"}],"author":[{"embeddable":true,"href":"https:\/\/companies-group.com\/fr\/wp-json\/wp\/v2\/users\/1"}],"replies":[{"embeddable":true,"href":"https:\/\/companies-group.com\/fr\/wp-json\/wp\/v2\/comments?post=1246"}],"version-history":[{"count":5,"href":"https:\/\/companies-group.com\/fr\/wp-json\/wp\/v2\/pages\/1246\/revisions"}],"predecessor-version":[{"id":1432,"href":"https:\/\/companies-group.com\/fr\/wp-json\/wp\/v2\/pages\/1246\/revisions\/1432"}],"wp:attachment":[{"href":"https:\/\/companies-group.com\/fr\/wp-json\/wp\/v2\/media?parent=1246"}],"curies":[{"name":"wp","href":"https:\/\/api.w.org\/{rel}","templated":true}]}}